{"id":400,"date":"2025-09-21T17:12:43","date_gmt":"2025-09-21T20:12:43","guid":{"rendered":"https:\/\/comossomos.com.br\/home\/?page_id=400"},"modified":"2025-09-21T17:12:43","modified_gmt":"2025-09-21T20:12:43","slug":"sobre-nos","status":"publish","type":"page","link":"https:\/\/comossomos.com.br\/home\/sobre-nos\/","title":{"rendered":"Sobre n\u00f3s"},"content":{"rendered":"\n<h1 class=\"wp-block-heading\"><strong>Uma Jornada de Reflex\u00e3o e Tecnologia<\/strong><\/h1>\n\n\n\n<p>O <strong>Como Somos<\/strong> nasceu de uma reflex\u00e3o que pulsa em n\u00f3s h\u00e1 mais de 30 anos: a tecnologia molda a forma como nos comunicamos, criamos e, em \u00faltima an\u00e1lise, <strong>como somos<\/strong>.<\/p>\n\n\n\n<p>Somos uma iniciativa da <strong>Nova Era Tecnologia<\/strong>, uma empresa que come\u00e7ou sua jornada em <strong>1989<\/strong>, testemunhando e participando ativamente da revolu\u00e7\u00e3o digital. Naquela \u00e9poca, a inova\u00e7\u00e3o chegava em disquetes e revolucionava a forma como as artes gr\u00e1ficas e a comunica\u00e7\u00e3o eram feitas. Vimos de perto o impacto de cada nova ferramenta \u2014 da populariza\u00e7\u00e3o dos PCs \u00e0 chegada da internet, do surgimento das redes sociais \u00e0 era da intelig\u00eancia artificial.<\/p>\n\n\n\n<p>Ao longo de tr\u00eas d\u00e9cadas, o que aprendemos \u00e9 que a tecnologia \u00e9 apenas uma parte da equa\u00e7\u00e3o. O verdadeiro foco sempre foi o ser humano. Como as novas ferramentas nos conectam ou nos isolam? Como a informa\u00e7\u00e3o nos empodera ou nos confunde?<\/p>\n\n\n\n<p>Foi com essa curiosidade e um desejo de ir al\u00e9m das manchetes que o <strong>Como Somos<\/strong> foi criado. Nosso prop\u00f3sito \u00e9 abrir um espa\u00e7o de conversa para desvendar as complexidades do nosso tempo. Exploramos como as nossas escolhas, a nossa diversidade e as nossas a\u00e7\u00f5es constroem o mundo \u00e0 nossa volta.<\/p>\n\n\n\n<p>O <strong>Como Somos<\/strong> \u00e9, portanto, a nossa contribui\u00e7\u00e3o para o debate. \u00c9 o resultado de uma trajet\u00f3ria que une a paix\u00e3o pela tecnologia \u00e0 reflex\u00e3o profunda sobre o comportamento humano.<\/p>\n\n\n\n<p>Junte-se a n\u00f3s nesta jornada. Vamos continuar a pensar juntos em <strong>como somos<\/strong> e em quem podemos ser.<\/p>\n","protected":false},"excerpt":{"rendered":"<p>Uma Jornada de Reflex\u00e3o e Tecnologia O Como Somos nasceu de uma reflex\u00e3o que pulsa em n\u00f3s h\u00e1 mais de 30 anos: a tecnologia molda a forma como nos comunicamos, criamos e, em \u00faltima an\u00e1lise, como somos. Somos uma iniciativa da Nova Era Tecnologia, uma empresa que come\u00e7ou sua jornada em 1989, testemunhando e participando<\/p>\n","protected":false},"author":1,"featured_media":0,"parent":0,"menu_order":0,"comment_status":"closed","ping_status":"closed","template":"","meta":{"footnotes":""},"class_list":["post-400","page","type-page","status-publish","hentry"],"_links":{"self":[{"href":"https:\/\/comossomos.com.br\/home\/wp-json\/wp\/v2\/pages\/400","targetHints":{"allow":["GET"]}}],"collection":[{"href":"https:\/\/comossomos.com.br\/home\/wp-json\/wp\/v2\/pages"}],"about":[{"href":"https:\/\/comossomos.com.br\/home\/wp-json\/wp\/v2\/types\/page"}],"author":[{"embeddable":true,"href":"https:\/\/comossomos.com.br\/home\/wp-json\/wp\/v2\/users\/1"}],"replies":[{"embeddable":true,"href":"https:\/\/comossomos.com.br\/home\/wp-json\/wp\/v2\/comments?post=400"}],"version-history":[{"count":1,"href":"https:\/\/comossomos.com.br\/home\/wp-json\/wp\/v2\/pages\/400\/revisions"}],"predecessor-version":[{"id":401,"href":"https:\/\/comossomos.com.br\/home\/wp-json\/wp\/v2\/pages\/400\/revisions\/401"}],"wp:attachment":[{"href":"https:\/\/comossomos.com.br\/home\/wp-json\/wp\/v2\/media?parent=400"}],"curies":[{"name":"wp","href":"https:\/\/api.w.org\/{rel}","templated":true}]}}